{"id":10,"date":"2017-09-27T21:36:49","date_gmt":"2017-09-27T19:36:49","guid":{"rendered":"http:\/\/wchmurze.cloud\/?page_id=10"},"modified":"2017-11-27T19:52:29","modified_gmt":"2017-11-27T18:52:29","slug":"kontakt","status":"publish","type":"page","link":"https:\/\/wchmurze.cloud\/index.php\/kontakt\/","title":{"rendered":"Kontakt"},"content":{"rendered":"<p>Je\u015bli nurtuje si\u0119 jakikolwiek problem dotycz\u0105cy t-sql, uczenia maszynowego, chmury, bez chwili w\u0105tpliwo\u015bci podziel si\u0119 nim z nami:<\/p>\n<div role=\"form\" class=\"wpcf7\" id=\"wpcf7-f82-o1\" lang=\"pl-PL\" dir=\"ltr\">\n<div class=\"screen-reader-response\"><p role=\"status\" aria-live=\"polite\" aria-atomic=\"true\"><\/p> <ul><\/ul><\/div>\n<form action=\"\/index.php\/wp-json\/wp\/v2\/pages\/10#wpcf7-f82-o1\" method=\"post\" class=\"wpcf7-form init\" novalidate=\"novalidate\" data-status=\"init\">\n<div style=\"display: none;\">\n<input type=\"hidden\" name=\"_wpcf7\" value=\"82\" \/>\n<input type=\"hidden\" name=\"_wpcf7_version\" value=\"5.6.4\" \/>\n<input type=\"hidden\" name=\"_wpcf7_locale\" value=\"pl_PL\" \/>\n<input type=\"hidden\" name=\"_wpcf7_unit_tag\" value=\"wpcf7-f82-o1\" \/>\n<input type=\"hidden\" name=\"_wpcf7_container_post\" value=\"0\" \/>\n<input type=\"hidden\" name=\"_wpcf7_posted_data_hash\" value=\"\" \/>\n<\/div>\n<p><label> Imie i nazwisko (wymagane)<br \/>\n    <span class=\"wpcf7-form-control-wrap\" data-name=\"your-name\"><input type=\"text\" name=\"your-name\" value=\"\" size=\"40\" class=\"wpcf7-form-control wpcf7-text wpcf7-validates-as-required\" aria-required=\"true\" aria-invalid=\"false\" \/><\/span> <\/label><\/p>\n<p><label> adres e-mail (wymagane)<br \/>\n    <span class=\"wpcf7-form-control-wrap\" data-name=\"your-email\"><input type=\"email\" name=\"your-email\" value=\"\" size=\"40\" class=\"wpcf7-form-control wpcf7-text wpcf7-email wpcf7-validates-as-required wpcf7-validates-as-email\" aria-required=\"true\" aria-invalid=\"false\" \/><\/span> <\/label><\/p>\n<p><label> Temat<br \/>\n    <span class=\"wpcf7-form-control-wrap\" data-name=\"your-subject\"><input type=\"text\" name=\"your-subject\" value=\"\" size=\"40\" class=\"wpcf7-form-control wpcf7-text\" aria-invalid=\"false\" \/><\/span> <\/label><\/p>\n<p><label> Tre\u015b\u0107 wiadomo\u015bci<br \/>\n    <span class=\"wpcf7-form-control-wrap\" data-name=\"your-message\"><textarea name=\"your-message\" cols=\"40\" rows=\"10\" class=\"wpcf7-form-control wpcf7-textarea\" aria-invalid=\"false\"><\/textarea><\/span> <\/label><\/p>\n<p><input type=\"submit\" value=\"Wy\u015blij\" class=\"wpcf7-form-control has-spinner wpcf7-submit\" \/><\/p>\n<p style=\"display: none !important;\" class=\"akismet-fields-container\" data-prefix=\"_wpcf7_ak_\"><label>&#916;<textarea name=\"_wpcf7_ak_hp_textarea\" cols=\"45\" rows=\"8\" maxlength=\"100\"><\/textarea><\/label><input type=\"hidden\" id=\"ak_js_1\" name=\"_wpcf7_ak_js\" value=\"109\"\/><script>document.getElementById( \"ak_js_1\" ).setAttribute( \"value\", ( new Date() ).getTime() );<\/script><\/p><div class=\"wpcf7-response-output\" aria-hidden=\"true\"><\/div><\/form><\/div>\n<p>&nbsp;<\/p>\n","protected":false},"excerpt":{"rendered":"<p>Je\u015bli nurtuje si\u0119 jakikolwiek problem dotycz\u0105cy t-sql, uczenia maszynowego, chmury, bez chwili w\u0105tpliwo\u015bci podziel si\u0119 nim z nami: &nbsp;<\/p>\n","protected":false},"author":1,"featured_media":0,"parent":0,"menu_order":0,"comment_status":"closed","ping_status":"closed","template":"","meta":[],"yoast_head":"<!-- This site is optimized with the Yoast SEO plugin v19.13 - https:\/\/yoast.com\/wordpress\/plugins\/seo\/ -->\n<title>Kontakt - W chmurze o chmurze i nie tylko<\/title>\n<meta name=\"robots\" content=\"index, follow, max-snippet:-1, max-image-preview:large, max-video-preview:-1\" \/>\n<link rel=\"canonical\" href=\"https:\/\/wchmurze.cloud\/index.php\/kontakt\/\" \/>\n<meta property=\"og:locale\" content=\"pl_PL\" \/>\n<meta property=\"og:type\" content=\"article\" \/>\n<meta property=\"og:title\" content=\"Kontakt - W chmurze o chmurze i nie tylko\" \/>\n<meta property=\"og:description\" content=\"Je\u015bli nurtuje si\u0119 jakikolwiek problem dotycz\u0105cy t-sql, uczenia maszynowego, chmury, bez chwili w\u0105tpliwo\u015bci podziel si\u0119 nim z nami: &nbsp;\" \/>\n<meta property=\"og:url\" content=\"https:\/\/wchmurze.cloud\/index.php\/kontakt\/\" \/>\n<meta property=\"og:site_name\" content=\"W chmurze o chmurze i nie tylko\" \/>\n<meta property=\"article:modified_time\" content=\"2017-11-27T18:52:29+00:00\" \/>\n<meta name=\"twitter:card\" content=\"summary_large_image\" \/>\n<script type=\"application\/ld+json\" class=\"yoast-schema-graph\">{\"@context\":\"https:\/\/schema.org\",\"@graph\":[{\"@type\":\"WebPage\",\"@id\":\"https:\/\/wchmurze.cloud\/index.php\/kontakt\/\",\"url\":\"https:\/\/wchmurze.cloud\/index.php\/kontakt\/\",\"name\":\"Kontakt - W chmurze o chmurze i nie tylko\",\"isPartOf\":{\"@id\":\"https:\/\/wchmurze.cloud\/#website\"},\"datePublished\":\"2017-09-27T19:36:49+00:00\",\"dateModified\":\"2017-11-27T18:52:29+00:00\",\"breadcrumb\":{\"@id\":\"https:\/\/wchmurze.cloud\/index.php\/kontakt\/#breadcrumb\"},\"inLanguage\":\"pl-PL\",\"potentialAction\":[{\"@type\":\"ReadAction\",\"target\":[\"https:\/\/wchmurze.cloud\/index.php\/kontakt\/\"]}]},{\"@type\":\"BreadcrumbList\",\"@id\":\"https:\/\/wchmurze.cloud\/index.php\/kontakt\/#breadcrumb\",\"itemListElement\":[{\"@type\":\"ListItem\",\"position\":1,\"name\":\"Strona g\u0142\u00f3wna\",\"item\":\"https:\/\/wchmurze.cloud\/\"},{\"@type\":\"ListItem\",\"position\":2,\"name\":\"Kontakt\"}]},{\"@type\":\"WebSite\",\"@id\":\"https:\/\/wchmurze.cloud\/#website\",\"url\":\"https:\/\/wchmurze.cloud\/\",\"name\":\"W chmurze o chmurze i nie tylko\",\"description\":\"W chmurze o chmurze i nie tylko\",\"publisher\":{\"@id\":\"https:\/\/wchmurze.cloud\/#\/schema\/person\/9832cc6f86f99f541d983d2b8d60f323\"},\"potentialAction\":[{\"@type\":\"SearchAction\",\"target\":{\"@type\":\"EntryPoint\",\"urlTemplate\":\"https:\/\/wchmurze.cloud\/?s={search_term_string}\"},\"query-input\":\"required name=search_term_string\"}],\"inLanguage\":\"pl-PL\"},{\"@type\":[\"Person\",\"Organization\"],\"@id\":\"https:\/\/wchmurze.cloud\/#\/schema\/person\/9832cc6f86f99f541d983d2b8d60f323\",\"name\":\"djkormo\",\"image\":{\"@type\":\"ImageObject\",\"inLanguage\":\"pl-PL\",\"@id\":\"https:\/\/wchmurze.cloud\/#\/schema\/person\/image\/\",\"url\":\"https:\/\/secure.gravatar.com\/avatar\/14a901b808871fa98086ae259c45d646?s=96&d=mm&r=g\",\"contentUrl\":\"https:\/\/secure.gravatar.com\/avatar\/14a901b808871fa98086ae259c45d646?s=96&d=mm&r=g\",\"caption\":\"djkormo\"},\"logo\":{\"@id\":\"https:\/\/wchmurze.cloud\/#\/schema\/person\/image\/\"}}]}<\/script>\n<!-- \/ Yoast SEO plugin. -->","yoast_head_json":{"title":"Kontakt - W chmurze o chmurze i nie tylko","robots":{"index":"index","follow":"follow","max-snippet":"max-snippet:-1","max-image-preview":"max-image-preview:large","max-video-preview":"max-video-preview:-1"},"canonical":"https:\/\/wchmurze.cloud\/index.php\/kontakt\/","og_locale":"pl_PL","og_type":"article","og_title":"Kontakt - W chmurze o chmurze i nie tylko","og_description":"Je\u015bli nurtuje si\u0119 jakikolwiek problem dotycz\u0105cy t-sql, uczenia maszynowego, chmury, bez chwili w\u0105tpliwo\u015bci podziel si\u0119 nim z nami: &nbsp;","og_url":"https:\/\/wchmurze.cloud\/index.php\/kontakt\/","og_site_name":"W chmurze o chmurze i nie tylko","article_modified_time":"2017-11-27T18:52:29+00:00","twitter_card":"summary_large_image","schema":{"@context":"https:\/\/schema.org","@graph":[{"@type":"WebPage","@id":"https:\/\/wchmurze.cloud\/index.php\/kontakt\/","url":"https:\/\/wchmurze.cloud\/index.php\/kontakt\/","name":"Kontakt - W chmurze o chmurze i nie tylko","isPartOf":{"@id":"https:\/\/wchmurze.cloud\/#website"},"datePublished":"2017-09-27T19:36:49+00:00","dateModified":"2017-11-27T18:52:29+00:00","breadcrumb":{"@id":"https:\/\/wchmurze.cloud\/index.php\/kontakt\/#breadcrumb"},"inLanguage":"pl-PL","potentialAction":[{"@type":"ReadAction","target":["https:\/\/wchmurze.cloud\/index.php\/kontakt\/"]}]},{"@type":"BreadcrumbList","@id":"https:\/\/wchmurze.cloud\/index.php\/kontakt\/#breadcrumb","itemListElement":[{"@type":"ListItem","position":1,"name":"Strona g\u0142\u00f3wna","item":"https:\/\/wchmurze.cloud\/"},{"@type":"ListItem","position":2,"name":"Kontakt"}]},{"@type":"WebSite","@id":"https:\/\/wchmurze.cloud\/#website","url":"https:\/\/wchmurze.cloud\/","name":"W chmurze o chmurze i nie tylko","description":"W chmurze o chmurze i nie tylko","publisher":{"@id":"https:\/\/wchmurze.cloud\/#\/schema\/person\/9832cc6f86f99f541d983d2b8d60f323"},"potentialAction":[{"@type":"SearchAction","target":{"@type":"EntryPoint","urlTemplate":"https:\/\/wchmurze.cloud\/?s={search_term_string}"},"query-input":"required name=search_term_string"}],"inLanguage":"pl-PL"},{"@type":["Person","Organization"],"@id":"https:\/\/wchmurze.cloud\/#\/schema\/person\/9832cc6f86f99f541d983d2b8d60f323","name":"djkormo","image":{"@type":"ImageObject","inLanguage":"pl-PL","@id":"https:\/\/wchmurze.cloud\/#\/schema\/person\/image\/","url":"https:\/\/secure.gravatar.com\/avatar\/14a901b808871fa98086ae259c45d646?s=96&d=mm&r=g","contentUrl":"https:\/\/secure.gravatar.com\/avatar\/14a901b808871fa98086ae259c45d646?s=96&d=mm&r=g","caption":"djkormo"},"logo":{"@id":"https:\/\/wchmurze.cloud\/#\/schema\/person\/image\/"}}]}},"_links":{"self":[{"href":"https:\/\/wchmurze.cloud\/index.php\/wp-json\/wp\/v2\/pages\/10"}],"collection":[{"href":"https:\/\/wchmurze.cloud\/index.php\/wp-json\/wp\/v2\/pages"}],"about":[{"href":"https:\/\/wchmurze.cloud\/index.php\/wp-json\/wp\/v2\/types\/page"}],"author":[{"embeddable":true,"href":"https:\/\/wchmurze.cloud\/index.php\/wp-json\/wp\/v2\/users\/1"}],"replies":[{"embeddable":true,"href":"https:\/\/wchmurze.cloud\/index.php\/wp-json\/wp\/v2\/comments?post=10"}],"version-history":[{"count":9,"href":"https:\/\/wchmurze.cloud\/index.php\/wp-json\/wp\/v2\/pages\/10\/revisions"}],"predecessor-version":[{"id":201,"href":"https:\/\/wchmurze.cloud\/index.php\/wp-json\/wp\/v2\/pages\/10\/revisions\/201"}],"wp:attachment":[{"href":"https:\/\/wchmurze.cloud\/index.php\/wp-json\/wp\/v2\/media?parent=10"}],"curies":[{"name":"wp","href":"https:\/\/api.w.org\/{rel}","templated":true}]}}