{"id":1099,"date":"2019-09-24T22:35:13","date_gmt":"2019-09-24T20:35:13","guid":{"rendered":"http:\/\/wchmurze.cloud\/?page_id=1099"},"modified":"2021-09-17T03:31:04","modified_gmt":"2021-09-17T01:31:04","slug":"linki-i-sznurki","status":"publish","type":"page","link":"https:\/\/wchmurze.cloud\/index.php\/linki-i-sznurki\/","title":{"rendered":"Linki i sznurki"},"content":{"rendered":"<p>Dla os\u00f3b, kt\u00f3re rozpoczynaj\u0105 zabaw\u0119 ze<\/p>\n<ul>\n<li>sztuczn\u0105 inteligencj\u0105 (AI)<\/li>\n<li>uczeniem maszynowym (ML)<\/li>\n<li>uczeniem g\u0142\u0119bokim (DP)<\/li>\n<li>nauk\u0105 Pythona (PY)<\/li>\n<li>narz\u0119dziami deweloperskimi (DEV)<\/li>\n<\/ul>\n<p>przygotowa\u0142em poni\u017csz\u0105 list\u0119:<\/p>\n<p>&nbsp;<\/p>\n<p>&nbsp;<\/p>\n<h3>Uczenie maszynowe (ML)<\/h3>\n<p>Genialny wst\u0119p przet\u0142umaczony po polsku<\/p>\n<p>&nbsp;<\/p>\n<p><a href=\"https:\/\/medium.com\/@maciej.matyka\/nauczanie-maszynowe-jest-zabawne-fc9af0080cda\" target=\"_blank\" rel=\"noopener noreferrer\">Machine learning is fun<\/a><\/p>\n<p>&nbsp;<\/p>\n<p><a href=\"https:\/\/aihubprojects.com\/machine-learning-from-scratch-complete-tutorial\/\" target=\"_blank\" rel=\"noopener noreferrer\">https:\/\/aihubprojects.com\/machine-learning-from-scratch-complete-tutorial\/<\/a><\/p>\n<p>&nbsp;<\/p>\n<p>Klasyka z uniwersytetu Stanforda<\/p>\n<p><a href=\"http:\/\/cs229.stanford.edu\/syllabus.html\" target=\"_blank\" rel=\"noopener noreferrer\">http:\/\/cs229.stanford.edu\/syllabus.html<\/a><\/p>\n<p>&nbsp;<\/p>\n<p><a href=\"https:\/\/machinelearningmastery.com\/blog\/\" target=\"_blank\" rel=\"noopener noreferrer\">https:\/\/machinelearningmastery.com\/blog\/<\/a><\/p>\n<p><a href=\"https:\/\/sebastianraschka.com\/resources\/dl-lectures.html\" target=\"_blank\" rel=\"noopener noreferrer\">https:\/\/sebastianraschka.com\/resources\/dl-lectures.html<\/a><\/p>\n<p><a href=\"http:\/\/www.holehouse.org\/mlclass\/\" target=\"_blank\" rel=\"noopener noreferrer\">http:\/\/www.holehouse.org\/mlclass\/<\/a><\/p>\n<p><a href=\"https:\/\/courses.cs.washington.edu\/courses\/cse446\/16sp\/\" target=\"_blank\" rel=\"noopener noreferrer\">https:\/\/courses.cs.washington.edu\/courses\/cse446\/16sp\/<\/a><\/p>\n<p><a href=\"https:\/\/www.tulsadatascience.org\/lectures\" target=\"_blank\" rel=\"noopener noreferrer\">https:\/\/www.tulsadatascience.org\/lectures<\/a><\/p>\n<p><a href=\"https:\/\/www.cs.toronto.edu\/~lczhang\/360\/index.html\" target=\"_blank\" rel=\"noopener noreferrer\">APS360 Artificial Intelligence Fundamentals<\/a><\/p>\n<h3>Uczenie g\u0142\u0119bokie (DP)<\/h3>\n<div class=\"entry-content-asset videofit\">\n<blockquote class=\"wp-embedded-content\" data-secret=\"crYqTcfef7\"><p><a href=\"https:\/\/cds.nyu.edu\/deep-learning\/\">Yann LeCun&#8217;s Deep Learning Course at CDS<\/a><\/p><\/blockquote>\n<p><iframe class=\"wp-embedded-content\" sandbox=\"allow-scripts\" security=\"restricted\" style=\"position: absolute; clip: rect(1px, 1px, 1px, 1px);\" title=\"&#8220;Yann LeCun&#8217;s Deep Learning Course at CDS&#8221; &#8212; NYU Center for Data Science\" src=\"https:\/\/cds.nyu.edu\/deep-learning\/embed\/#?secret=crYqTcfef7\" data-secret=\"crYqTcfef7\" width=\"600\" height=\"338\" frameborder=\"0\" marginwidth=\"0\" marginheight=\"0\" scrolling=\"no\"><\/iframe><\/div>\n<p><a href=\"https:\/\/cs230.stanford.edu\/syllabus\/\" target=\"_blank\" rel=\"noopener noreferrer\">https:\/\/cs230.stanford.edu\/syllabus\/<\/a><\/p>\n<p><a href=\"http:\/\/cs231n.github.io\/\" target=\"_blank\" rel=\"noopener noreferrer\">http:\/\/cs231n.github.io\/<\/a><\/p>\n<p><a href=\"https:\/\/github.com\/jeffheaton\/t81_558_deep_learning\" target=\"_blank\" rel=\"noopener noreferrer\">https:\/\/github.com\/jeffheaton\/t81_558_deep_learning<\/a><\/p>\n<p><a href=\"http:\/\/www.deeplearningbook.org\/lecture_slides.html\" target=\"_blank\" rel=\"noopener noreferrer\">http:\/\/www.deeplearningbook.org\/lecture_slides.html<\/a><\/p>\n<div class=\"entry-content-asset videofit\">\n<blockquote class=\"wp-embedded-content\" data-secret=\"PxtqaI5tHb\"><p><a href=\"https:\/\/selfdrivingcars.mit.edu\/\">Home<\/a><\/p><\/blockquote>\n<p><iframe title=\"&#8220;Home&#8221; &#8212; MIT 6.S094: Deep Learning for Self-Driving Cars\" class=\"wp-embedded-content\" sandbox=\"allow-scripts\" security=\"restricted\" style=\"position: absolute; clip: rect(1px, 1px, 1px, 1px);\" src=\"https:\/\/selfdrivingcars.mit.edu\/embed\/#?secret=PxtqaI5tHb\" data-secret=\"PxtqaI5tHb\" width=\"600\" height=\"338\" frameborder=\"0\" marginwidth=\"0\" marginheight=\"0\" scrolling=\"no\"><\/iframe><\/div>\n<p><a href=\"http:\/\/course17.fast.ai\/\" target=\"_blank\" rel=\"noopener noreferrer\">http:\/\/course17.fast.ai\/<\/a> (older version with Keras)<\/p>\n<p><a href=\"https:\/\/course.fast.ai\/\" target=\"_blank\" rel=\"noopener noreferrer\">https:\/\/course.fast.ai\/<\/a><\/p>\n<p><strong>Kilka film\u00f3w :<\/strong><\/p>\n<p>Pozosta\u0142e odcinki \u0142atwo znale\u017a\u0107 na YouTube.<\/p>\n<div class=\"entry-content-asset videofit\"><iframe loading=\"lazy\" title=\"But what is a Neural Network? | Deep learning, chapter 1\" width=\"1140\" height=\"641\" src=\"https:\/\/www.youtube.com\/embed\/aircAruvnKk?feature=oembed\" frameborder=\"0\" allow=\"accelerometer; autoplay; clipboard-write; encrypted-media; gyroscope; picture-in-picture\" allowfullscreen><\/iframe><\/div>\n<div class=\"entry-content-asset videofit\"><iframe loading=\"lazy\" title=\"Neural Networks (E01: introduction)\" width=\"1140\" height=\"641\" src=\"https:\/\/www.youtube.com\/embed\/bVQUSndDllU?feature=oembed\" frameborder=\"0\" allow=\"accelerometer; autoplay; clipboard-write; encrypted-media; gyroscope; picture-in-picture\" allowfullscreen><\/iframe><\/div>\n<h3><a href=\"https:\/\/www.youtube.com\/watch?v=v8QsRio8zUM\" target=\"_blank\" rel=\"noopener noreferrer\">https:\/\/www.youtube.com\/watch?v=v8QsRio8zUM<\/a><\/h3>\n<div><\/div>\n<div>Jak dzia\u0142a sie\u0107 CNN<\/div>\n<div><\/div>\n<div><a href=\"https:\/\/e2eml.school\/how_convolutional_neural_networks_work.html\" target=\"_blank\" rel=\"noopener\">https:\/\/e2eml.school\/how_convolutional_neural_networks_work.html<\/a><\/div>\n<div><\/div>\n<div><\/div>\n<p>&nbsp;<\/p>\n<h3>Programowanie m.in w Pythonie (PY)<\/h3>\n<p><a href=\"https:\/\/ocw.mit.edu\/courses\/electrical-engineering-and-computer-science\/6-0001-introduction-to-computer-science-and-programming-in-python-fall-2016\/lecture-slides-code\/\" target=\"_blank\" rel=\"noopener noreferrer\">https:\/\/ocw.mit.edu\/courses\/electrical-engineering-and-computer-science\/6-0001-introduction-to-computer-science-and-programming-in-python-fall-2016\/lecture-slides-code\/<\/a><\/p>\n<p><a href=\"https:\/\/ocw.mit.edu\/courses\/electrical-engineering-and-computer-science\/6-0002-introduction-to-computational-thinking-and-data-science-fall-2016\/\" target=\"_blank\" rel=\"noopener noreferrer\">https:\/\/ocw.mit.edu\/courses\/electrical-engineering-and-computer-science\/6-0002-introduction-to-computational-thinking-and-data-science-fall-2016\/<\/a><\/p>\n<p>&nbsp;<\/p>\n<p><a href=\"https:\/\/realpython.com\/learning-paths\/\" target=\"_blank\" rel=\"noopener noreferrer\">Real Python<\/a><\/p>\n<p>&nbsp;<\/p>\n<h4>Darmowe kursy IBM<\/h4>\n<ol>\n<li>Python for Data Science<\/li>\n<\/ol>\n<div class=\"entry-content-asset videofit\">\n<blockquote class=\"wp-embedded-content\" data-secret=\"sUj7BXwaU9\"><p><a href=\"https:\/\/cognitiveclass.ai\/courses\/python-for-data-science\">Python for Data Science<\/a><\/p><\/blockquote>\n<p><iframe title=\"&#8220;Python for Data Science&#8221; &#8212; Cognitive Class\" class=\"wp-embedded-content\" sandbox=\"allow-scripts\" security=\"restricted\" style=\"position: absolute; clip: rect(1px, 1px, 1px, 1px);\" src=\"https:\/\/cognitiveclass.ai\/courses\/python-for-data-science\/embed#?secret=sUj7BXwaU9\" data-secret=\"sUj7BXwaU9\" width=\"600\" height=\"338\" frameborder=\"0\" marginwidth=\"0\" marginheight=\"0\" scrolling=\"no\"><\/iframe><\/div>\n<p>2. Data analysis with Python<\/p>\n<div class=\"entry-content-asset videofit\">\n<blockquote class=\"wp-embedded-content\" data-secret=\"PZ3ZP9tUau\"><p><a href=\"https:\/\/cognitiveclass.ai\/courses\/data-analysis-python\">Data Analysis with Python<\/a><\/p><\/blockquote>\n<p><iframe class=\"wp-embedded-content\" sandbox=\"allow-scripts\" security=\"restricted\" style=\"position: absolute; clip: rect(1px, 1px, 1px, 1px);\" title=\"&#8220;Data Analysis with Python&#8221; &#8212; Cognitive Class\" src=\"https:\/\/cognitiveclass.ai\/courses\/data-analysis-python\/embed#?secret=PZ3ZP9tUau\" data-secret=\"PZ3ZP9tUau\" width=\"600\" height=\"338\" frameborder=\"0\" marginwidth=\"0\" marginheight=\"0\" scrolling=\"no\"><\/iframe><\/div>\n<p>3. Data visualization with Python<\/p>\n<div class=\"entry-content-asset videofit\">\n<blockquote class=\"wp-embedded-content\" data-secret=\"exwh4qrRYD\"><p><a href=\"https:\/\/cognitiveclass.ai\/courses\/data-visualization-with-python\">Data Visualization with Python<\/a><\/p><\/blockquote>\n<p><iframe class=\"wp-embedded-content\" sandbox=\"allow-scripts\" security=\"restricted\" style=\"position: absolute; clip: rect(1px, 1px, 1px, 1px);\" title=\"&#8220;Data Visualization with Python&#8221; &#8212; Cognitive Class\" src=\"https:\/\/cognitiveclass.ai\/courses\/data-visualization-with-python\/embed#?secret=exwh4qrRYD\" data-secret=\"exwh4qrRYD\" width=\"600\" height=\"338\" frameborder=\"0\" marginwidth=\"0\" marginheight=\"0\" scrolling=\"no\"><\/iframe><\/div>\n<p>4. Machine learning with Python<\/p>\n<p>&nbsp;<\/p>\n<div class=\"entry-content-asset videofit\">\n<blockquote class=\"wp-embedded-content\" data-secret=\"v566Cqmp7C\"><p><a href=\"https:\/\/cognitiveclass.ai\/courses\/machine-learning-with-python\">Machine Learning with Python<\/a><\/p><\/blockquote>\n<p><iframe class=\"wp-embedded-content\" sandbox=\"allow-scripts\" security=\"restricted\" style=\"position: absolute; clip: rect(1px, 1px, 1px, 1px);\" title=\"&#8220;Machine Learning with Python&#8221; &#8212; Cognitive Class\" src=\"https:\/\/cognitiveclass.ai\/courses\/machine-learning-with-python\/embed#?secret=v566Cqmp7C\" data-secret=\"v566Cqmp7C\" width=\"600\" height=\"338\" frameborder=\"0\" marginwidth=\"0\" marginheight=\"0\" scrolling=\"no\"><\/iframe><\/div>\n<p><a href=\"https:\/\/python.astrotech.io\/index.html\" target=\"_blank\" rel=\"noopener noreferrer\">https:\/\/python.astrotech.io\/index.html<\/a><\/p>\n<p>&nbsp;<\/p>\n<h3>Computer Vision (CV)<\/h3>\n<p><a href=\"http:\/\/www.connellybarnes.com\/work\/class\/2017\/intro_vision\/index.html\" target=\"_blank\" rel=\"noopener noreferrer\">http:\/\/www.connellybarnes.com\/work\/class\/2017\/intro_vision\/index.html<\/a><\/p>\n<p>&nbsp;<\/p>\n<p><a href=\"http:\/\/analizaobrazu.x25.pl\/articles\/1\" target=\"_blank\" rel=\"noopener noreferrer\">http:\/\/analizaobrazu.x25.pl\/articles\/1<\/a><\/p>\n<h3>Narz\u0119dzia (DEV)<\/h3>\n<p>&nbsp;<\/p>\n<div class=\"entry-content-asset videofit\">\n<blockquote class=\"wp-embedded-content\" data-secret=\"1OGMagXj8H\"><p><a href=\"https:\/\/www.anaconda.com\/\">Home<\/a><\/p><\/blockquote>\n<p><iframe title=\"&#8220;Home&#8221; &#8212; Anaconda\" class=\"wp-embedded-content\" sandbox=\"allow-scripts\" security=\"restricted\" style=\"position: absolute; clip: rect(1px, 1px, 1px, 1px);\" src=\"https:\/\/www.anaconda.com\/embed\/#?secret=1OGMagXj8H\" data-secret=\"1OGMagXj8H\" width=\"600\" height=\"338\" frameborder=\"0\" marginwidth=\"0\" marginheight=\"0\" scrolling=\"no\"><\/iframe><\/div>\n<p><a href=\"https:\/\/code.visualstudio.com\/\" target=\"_blank\" rel=\"noopener noreferrer\">Visual Studio Code<\/a><\/p>\n<p><a href=\"https:\/\/www.jetbrains.com\/pycharm\/\" target=\"_blank\" rel=\"noopener noreferrer\">PyCharm<\/a><\/p>\n<p>&nbsp;<\/p>\n<h3>Notatniki Jupytera<\/h3>\n<p><a href=\"https:\/\/colab.research.google.com\/\" target=\"_blank\" rel=\"noopener noreferrer\">https:\/\/colab.research.google.com\/<\/a><\/p>\n<p><a href=\"https:\/\/notebooks.azure.com\/\" target=\"_blank\" rel=\"noopener noreferrer\">https:\/\/notebooks.azure.com\/<\/a><\/p>\n<p>&nbsp;<\/p>\n<h4>CheatSheets<\/h4>\n<p>&nbsp;<\/p>\n<p><a href=\"https:\/\/github.com\/ml874\/Data-Science-Cheatsheet\/blob\/master\/data-science-cheatsheet.pdf\" target=\"_blank\" rel=\"noopener noreferrer\">https:\/\/github.com\/ml874\/Data-Science-Cheatsheet\/blob\/master\/data-science-cheatsheet.pdf<\/a><\/p>\n<p>&nbsp;<\/p>\n<h4>Gdzie warto spojrze\u0107 od czasu do czasu<\/h4>\n<p>&nbsp;<\/p>\n<ul>\n<li><a href=\"https:\/\/paperswithcode.com\" target=\"_blank\" rel=\"noopener noreferrer\">Papers with Code<\/a>,<\/li>\n<li><a href=\"https:\/\/www.kaggle.com\/kernels\" target=\"_blank\" rel=\"noopener noreferrer\">Kaggle<\/a>,<\/li>\n<li><a href=\"https:\/\/arxiv.org\" target=\"_blank\" rel=\"noopener noreferrer\">Arxiv<\/a>,<\/li>\n<li><a href=\"https:\/\/deeplearn.org\" target=\"_blank\" rel=\"noopener noreferrer\">DeepLearn.org<\/a><\/li>\n<\/ul>\n<p>&nbsp;<\/p>\n<h3>Blogi<\/h3>\n<p>&nbsp;<\/p>\n<p><a href=\"http:\/\/colah.github.io\/\" target=\"_blank\" rel=\"noopener noreferrer\">http:\/\/colah.github.io\/<\/a><\/p>\n<div class=\"entry-content-asset videofit\">\n<blockquote class=\"wp-embedded-content\" data-secret=\"HqvgflzyAk\"><p><a href=\"https:\/\/machinelearningmastery.com\/start-here\/\">Start Here with Machine Learning<\/a><\/p><\/blockquote>\n<p><iframe class=\"wp-embedded-content\" sandbox=\"allow-scripts\" security=\"restricted\" style=\"position: absolute; clip: rect(1px, 1px, 1px, 1px);\" title=\"&#8220;Start Here with Machine Learning&#8221; &#8212; Machine Learning Mastery\" src=\"https:\/\/machinelearningmastery.com\/start-here\/embed\/#?secret=HqvgflzyAk\" data-secret=\"HqvgflzyAk\" width=\"600\" height=\"338\" frameborder=\"0\" marginwidth=\"0\" marginheight=\"0\" scrolling=\"no\"><\/iframe><\/div>\n<p><a href=\"https:\/\/www.pyimagesearch.com\/category\/deep-learning-2\/\" target=\"_blank\" rel=\"noopener noreferrer\">https:\/\/www.pyimagesearch.com\/category\/deep-learning-2\/<\/a><\/p>\n<p><a href=\"https:\/\/ksopyla.com\/\" target=\"_blank\" rel=\"noopener noreferrer\">About Data (po polsku)<\/a><\/p>\n<p><a href=\"http:\/\/ondata.blog\/\" target=\"_blank\" rel=\"noopener noreferrer\">ondata.blog<\/a><\/p>\n<div class=\"entry-content-asset videofit\">\n<blockquote class=\"wp-embedded-content\" data-secret=\"tQaQom51Hz\"><p><a href=\"https:\/\/jakbadacdane.pl\/spis-tresci\/\">Spis tre\u015bci<\/a><\/p><\/blockquote>\n<p><iframe class=\"wp-embedded-content\" sandbox=\"allow-scripts\" security=\"restricted\" style=\"position: absolute; clip: rect(1px, 1px, 1px, 1px);\" title=\"&#8222;Spis tre\u015bci&#8221; &#8212; Jak bada\u0107 dane?\" src=\"https:\/\/jakbadacdane.pl\/spis-tresci\/embed\/#?secret=tQaQom51Hz\" data-secret=\"tQaQom51Hz\" width=\"600\" height=\"338\" frameborder=\"0\" marginwidth=\"0\" marginheight=\"0\" scrolling=\"no\"><\/iframe><\/div>\n<p><a href=\"https:\/\/jakbadacdane.pl\/spis-tresci\/\" target=\"_blank\" rel=\"noopener noreferrer\">Jak bada\u0107 dane<\/a><\/p>\n<p><a href=\"https:\/\/mlfromscratch.com\/\" target=\"_blank\" rel=\"noopener noreferrer\">https:\/\/mlfromscratch.com\/<\/a><\/p>\n<p><a href=\"https:\/\/p.migdal.pl\/\" target=\"_blank\" rel=\"noopener noreferrer\">https:\/\/p.migdal.pl\/<\/a><\/p>\n<div class=\"entry-content-asset videofit\">\n<blockquote class=\"wp-embedded-content\" data-secret=\"nJHdLWHyJR\"><p><a href=\"https:\/\/deepsense.ai\/blog\/\">Blog<\/a><\/p><\/blockquote>\n<p><iframe class=\"wp-embedded-content\" sandbox=\"allow-scripts\" security=\"restricted\" style=\"position: absolute; clip: rect(1px, 1px, 1px, 1px);\" title=\"&#8220;Blog&#8221; &#8212; deepsense.ai\" src=\"https:\/\/deepsense.ai\/blog\/embed\/#?secret=nJHdLWHyJR\" data-secret=\"nJHdLWHyJR\" width=\"600\" height=\"338\" frameborder=\"0\" marginwidth=\"0\" marginheight=\"0\" scrolling=\"no\"><\/iframe><\/div>\n<h4>Ksi\u0105\u017cki dla tradycjonalist\u00f3w:<\/h4>\n<p>&nbsp;<\/p>\n<p>1. <a href=\"https:\/\/ksiegarnia.pwn.pl\/Uczenie-maszynowe-z-uzyciem-Scikit-Learn-i-TensorFlow,759382659,p.html\" target=\"_blank\" rel=\"noopener noreferrer\">https:\/\/ksiegarnia.pwn.pl\/Uczenie-maszynowe-z-uzyciem-Scikit-Learn-i-TensorFlow,759382659,p.html<\/a><\/p>\n<p>Tu proponuj\u0119 przerobi\u0107 cz\u0119\u015b\u0107 dotycz\u0105c\u0105 Scikit-Learn, Tensorflow pozostawi\u0107 po zapoznaniu pakietu Keras. O tym jest kolejna pozycja<\/p>\n<p>2. <a href=\"https:\/\/ksiegarnia.pwn.pl\/Deep-Learning-Praca-z-jezykiem-Python-i-biblioteka-Keras,776157466,p.html\" target=\"_blank\" rel=\"noopener noreferrer\">https:\/\/ksiegarnia.pwn.pl\/Deep-Learning-Praca-z-jezykiem-Python-i-biblioteka-Keras,776157466,p.html<\/a><\/p>\n<p>&nbsp;<\/p>\n<h4>Zbiory danych<\/h4>\n<p>&nbsp;<\/p>\n<p><a href=\"https:\/\/datasetsearch.research.google.com\/\" target=\"_blank\" rel=\"noopener noreferrer\">https:\/\/datasetsearch.research.google.com\/<\/a><\/p>\n<div class=\"entry-content-asset videofit\">\n<blockquote class=\"wp-embedded-content\" data-secret=\"CYF0ClvTLy\"><p><a href=\"https:\/\/data.world\/\">Home<\/a><\/p><\/blockquote>\n<p><iframe title=\"&#8220;Home&#8221; &#8212; data.world\" class=\"wp-embedded-content\" sandbox=\"allow-scripts\" security=\"restricted\" style=\"position: absolute; clip: rect(1px, 1px, 1px, 1px);\" src=\"https:\/\/data.world\/embed\/#?secret=CYF0ClvTLy\" data-secret=\"CYF0ClvTLy\" width=\"600\" height=\"338\" frameborder=\"0\" marginwidth=\"0\" marginheight=\"0\" scrolling=\"no\"><\/iframe><\/div>\n<p><a href=\"https:\/\/date.gov.pl\" target=\"_blank\" rel=\"noopener noreferrer\">https:\/\/date.gov.pl<\/a><\/p>\n<p>&nbsp;<\/p>\n","protected":false},"excerpt":{"rendered":"<p>Dla os\u00f3b, kt\u00f3re rozpoczynaj\u0105 zabaw\u0119 ze sztuczn\u0105 inteligencj\u0105 (AI) uczeniem maszynowym (ML) uczeniem g\u0142\u0119bokim (DP) nauk\u0105 Pythona (PY) narz\u0119dziami deweloperskimi (DEV) przygotowa\u0142em poni\u017csz\u0105 list\u0119: &nbsp; &nbsp; Uczenie maszynowe (ML) Genialny wst\u0119p przet\u0142umaczony po polsku &nbsp; Machine learning is fun &nbsp; &hellip; <a href=\"https:\/\/wchmurze.cloud\/index.php\/linki-i-sznurki\/\">Continued<\/a><\/p>\n","protected":false},"author":1,"featured_media":0,"parent":0,"menu_order":0,"comment_status":"closed","ping_status":"closed","template":"","meta":[],"yoast_head":"<!-- This site is optimized with the Yoast SEO plugin v19.13 - https:\/\/yoast.com\/wordpress\/plugins\/seo\/ -->\n<title>Linki i sznurki - W chmurze o chmurze i nie tylko<\/title>\n<meta name=\"robots\" content=\"index, follow, max-snippet:-1, max-image-preview:large, max-video-preview:-1\" \/>\n<link rel=\"canonical\" href=\"https:\/\/wchmurze.cloud\/index.php\/linki-i-sznurki\/\" \/>\n<meta property=\"og:locale\" content=\"pl_PL\" \/>\n<meta property=\"og:type\" content=\"article\" \/>\n<meta property=\"og:title\" content=\"Linki i sznurki - W chmurze o chmurze i nie tylko\" \/>\n<meta property=\"og:description\" content=\"Dla os\u00f3b, kt\u00f3re rozpoczynaj\u0105 zabaw\u0119 ze sztuczn\u0105 inteligencj\u0105 (AI) uczeniem maszynowym (ML) uczeniem g\u0142\u0119bokim (DP) nauk\u0105 Pythona (PY) narz\u0119dziami deweloperskimi (DEV) przygotowa\u0142em poni\u017csz\u0105 list\u0119: &nbsp; &nbsp; Uczenie maszynowe (ML) Genialny wst\u0119p przet\u0142umaczony po polsku &nbsp; Machine learning is fun &nbsp; &hellip; Continued\" \/>\n<meta property=\"og:url\" content=\"https:\/\/wchmurze.cloud\/index.php\/linki-i-sznurki\/\" \/>\n<meta property=\"og:site_name\" content=\"W chmurze o chmurze i nie tylko\" \/>\n<meta property=\"article:modified_time\" content=\"2021-09-17T01:31:04+00:00\" \/>\n<meta name=\"twitter:card\" content=\"summary_large_image\" \/>\n<meta name=\"twitter:label1\" content=\"Szacowany czas czytania\" \/>\n\t<meta name=\"twitter:data1\" content=\"1 minuta\" \/>\n<script type=\"application\/ld+json\" class=\"yoast-schema-graph\">{\"@context\":\"https:\/\/schema.org\",\"@graph\":[{\"@type\":\"WebPage\",\"@id\":\"https:\/\/wchmurze.cloud\/index.php\/linki-i-sznurki\/\",\"url\":\"https:\/\/wchmurze.cloud\/index.php\/linki-i-sznurki\/\",\"name\":\"Linki i sznurki - W chmurze o chmurze i nie tylko\",\"isPartOf\":{\"@id\":\"https:\/\/wchmurze.cloud\/#website\"},\"datePublished\":\"2019-09-24T20:35:13+00:00\",\"dateModified\":\"2021-09-17T01:31:04+00:00\",\"breadcrumb\":{\"@id\":\"https:\/\/wchmurze.cloud\/index.php\/linki-i-sznurki\/#breadcrumb\"},\"inLanguage\":\"pl-PL\",\"potentialAction\":[{\"@type\":\"ReadAction\",\"target\":[\"https:\/\/wchmurze.cloud\/index.php\/linki-i-sznurki\/\"]}]},{\"@type\":\"BreadcrumbList\",\"@id\":\"https:\/\/wchmurze.cloud\/index.php\/linki-i-sznurki\/#breadcrumb\",\"itemListElement\":[{\"@type\":\"ListItem\",\"position\":1,\"name\":\"Strona g\u0142\u00f3wna\",\"item\":\"https:\/\/wchmurze.cloud\/\"},{\"@type\":\"ListItem\",\"position\":2,\"name\":\"Linki i sznurki\"}]},{\"@type\":\"WebSite\",\"@id\":\"https:\/\/wchmurze.cloud\/#website\",\"url\":\"https:\/\/wchmurze.cloud\/\",\"name\":\"W chmurze o chmurze i nie tylko\",\"description\":\"W chmurze o chmurze i nie tylko\",\"publisher\":{\"@id\":\"https:\/\/wchmurze.cloud\/#\/schema\/person\/9832cc6f86f99f541d983d2b8d60f323\"},\"potentialAction\":[{\"@type\":\"SearchAction\",\"target\":{\"@type\":\"EntryPoint\",\"urlTemplate\":\"https:\/\/wchmurze.cloud\/?s={search_term_string}\"},\"query-input\":\"required name=search_term_string\"}],\"inLanguage\":\"pl-PL\"},{\"@type\":[\"Person\",\"Organization\"],\"@id\":\"https:\/\/wchmurze.cloud\/#\/schema\/person\/9832cc6f86f99f541d983d2b8d60f323\",\"name\":\"djkormo\",\"image\":{\"@type\":\"ImageObject\",\"inLanguage\":\"pl-PL\",\"@id\":\"https:\/\/wchmurze.cloud\/#\/schema\/person\/image\/\",\"url\":\"https:\/\/secure.gravatar.com\/avatar\/14a901b808871fa98086ae259c45d646?s=96&d=mm&r=g\",\"contentUrl\":\"https:\/\/secure.gravatar.com\/avatar\/14a901b808871fa98086ae259c45d646?s=96&d=mm&r=g\",\"caption\":\"djkormo\"},\"logo\":{\"@id\":\"https:\/\/wchmurze.cloud\/#\/schema\/person\/image\/\"}}]}<\/script>\n<!-- \/ Yoast SEO plugin. -->","yoast_head_json":{"title":"Linki i sznurki - W chmurze o chmurze i nie tylko","robots":{"index":"index","follow":"follow","max-snippet":"max-snippet:-1","max-image-preview":"max-image-preview:large","max-video-preview":"max-video-preview:-1"},"canonical":"https:\/\/wchmurze.cloud\/index.php\/linki-i-sznurki\/","og_locale":"pl_PL","og_type":"article","og_title":"Linki i sznurki - W chmurze o chmurze i nie tylko","og_description":"Dla os\u00f3b, kt\u00f3re rozpoczynaj\u0105 zabaw\u0119 ze sztuczn\u0105 inteligencj\u0105 (AI) uczeniem maszynowym (ML) uczeniem g\u0142\u0119bokim (DP) nauk\u0105 Pythona (PY) narz\u0119dziami deweloperskimi (DEV) przygotowa\u0142em poni\u017csz\u0105 list\u0119: &nbsp; &nbsp; Uczenie maszynowe (ML) Genialny wst\u0119p przet\u0142umaczony po polsku &nbsp; Machine learning is fun &nbsp; &hellip; Continued","og_url":"https:\/\/wchmurze.cloud\/index.php\/linki-i-sznurki\/","og_site_name":"W chmurze o chmurze i nie tylko","article_modified_time":"2021-09-17T01:31:04+00:00","twitter_card":"summary_large_image","twitter_misc":{"Szacowany czas czytania":"1 minuta"},"schema":{"@context":"https:\/\/schema.org","@graph":[{"@type":"WebPage","@id":"https:\/\/wchmurze.cloud\/index.php\/linki-i-sznurki\/","url":"https:\/\/wchmurze.cloud\/index.php\/linki-i-sznurki\/","name":"Linki i sznurki - W chmurze o chmurze i nie tylko","isPartOf":{"@id":"https:\/\/wchmurze.cloud\/#website"},"datePublished":"2019-09-24T20:35:13+00:00","dateModified":"2021-09-17T01:31:04+00:00","breadcrumb":{"@id":"https:\/\/wchmurze.cloud\/index.php\/linki-i-sznurki\/#breadcrumb"},"inLanguage":"pl-PL","potentialAction":[{"@type":"ReadAction","target":["https:\/\/wchmurze.cloud\/index.php\/linki-i-sznurki\/"]}]},{"@type":"BreadcrumbList","@id":"https:\/\/wchmurze.cloud\/index.php\/linki-i-sznurki\/#breadcrumb","itemListElement":[{"@type":"ListItem","position":1,"name":"Strona g\u0142\u00f3wna","item":"https:\/\/wchmurze.cloud\/"},{"@type":"ListItem","position":2,"name":"Linki i sznurki"}]},{"@type":"WebSite","@id":"https:\/\/wchmurze.cloud\/#website","url":"https:\/\/wchmurze.cloud\/","name":"W chmurze o chmurze i nie tylko","description":"W chmurze o chmurze i nie tylko","publisher":{"@id":"https:\/\/wchmurze.cloud\/#\/schema\/person\/9832cc6f86f99f541d983d2b8d60f323"},"potentialAction":[{"@type":"SearchAction","target":{"@type":"EntryPoint","urlTemplate":"https:\/\/wchmurze.cloud\/?s={search_term_string}"},"query-input":"required name=search_term_string"}],"inLanguage":"pl-PL"},{"@type":["Person","Organization"],"@id":"https:\/\/wchmurze.cloud\/#\/schema\/person\/9832cc6f86f99f541d983d2b8d60f323","name":"djkormo","image":{"@type":"ImageObject","inLanguage":"pl-PL","@id":"https:\/\/wchmurze.cloud\/#\/schema\/person\/image\/","url":"https:\/\/secure.gravatar.com\/avatar\/14a901b808871fa98086ae259c45d646?s=96&d=mm&r=g","contentUrl":"https:\/\/secure.gravatar.com\/avatar\/14a901b808871fa98086ae259c45d646?s=96&d=mm&r=g","caption":"djkormo"},"logo":{"@id":"https:\/\/wchmurze.cloud\/#\/schema\/person\/image\/"}}]}},"_links":{"self":[{"href":"https:\/\/wchmurze.cloud\/index.php\/wp-json\/wp\/v2\/pages\/1099"}],"collection":[{"href":"https:\/\/wchmurze.cloud\/index.php\/wp-json\/wp\/v2\/pages"}],"about":[{"href":"https:\/\/wchmurze.cloud\/index.php\/wp-json\/wp\/v2\/types\/page"}],"author":[{"embeddable":true,"href":"https:\/\/wchmurze.cloud\/index.php\/wp-json\/wp\/v2\/users\/1"}],"replies":[{"embeddable":true,"href":"https:\/\/wchmurze.cloud\/index.php\/wp-json\/wp\/v2\/comments?post=1099"}],"version-history":[{"count":39,"href":"https:\/\/wchmurze.cloud\/index.php\/wp-json\/wp\/v2\/pages\/1099\/revisions"}],"predecessor-version":[{"id":1583,"href":"https:\/\/wchmurze.cloud\/index.php\/wp-json\/wp\/v2\/pages\/1099\/revisions\/1583"}],"wp:attachment":[{"href":"https:\/\/wchmurze.cloud\/index.php\/wp-json\/wp\/v2\/media?parent=1099"}],"curies":[{"name":"wp","href":"https:\/\/api.w.org\/{rel}","templated":true}]}}